{"id":344,"date":"2022-03-01T10:02:15","date_gmt":"2022-03-01T09:02:15","guid":{"rendered":"http:\/\/biwsa.fr\/?page_id=344"},"modified":"2022-06-16T13:18:25","modified_gmt":"2022-06-16T11:18:25","slug":"oenotourisme-2","status":"publish","type":"page","link":"https:\/\/biwsa.fr\/index.php\/oenotourisme-2\/","title":{"rendered":"Visites en vignobles"},"content":{"rendered":"\n<div class=\"wp-block-cover alignfull\" style=\"min-height:300px;aspect-ratio:unset;\"><span aria-hidden=\"true\" class=\"wp-block-cover__background has-nv-site-bg-background-color has-background-dim-100 has-background-dim\"><\/span><div class=\"wp-block-cover__inner-container is-layout-flow wp-block-cover-is-layout-flow\">\n<div class=\"wp-block-group\"><div class=\"wp-block-group__inner-container is-layout-flow wp-block-group-is-layout-flow\">\n<h1 class=\"has-text-align-left has-neve-text-color-color has-text-color wp-block-heading\">Visites en vignobles<\/h1>\n<\/div><\/div>\n<\/div><\/div>\n\n\n\n<div class=\"wp-block-cover alignfull\" style=\"min-height:600px;aspect-ratio:unset;\"><span aria-hidden=\"true\" class=\"wp-block-cover__background has-nv-light-bg-background-color has-background-dim-100 has-background-dim\"><\/span><div class=\"wp-block-cover__inner-container is-layout-flow wp-block-cover-is-layout-flow\">\n<div class=\"wp-block-group\"><div class=\"wp-block-group__inner-container is-layout-flow wp-block-group-is-layout-flow\">\n<div style=\"height:50px\" aria-hidden=\"true\" class=\"wp-block-spacer\"><\/div>\n<\/div><\/div>\n\n\n\n<div class=\"wp-block-cb-carousel cb-single-slide\" data-slick=\"{&quot;slidesToShow&quot;:1,&quot;slidesToScroll&quot;:1,&quot;speed&quot;:300,&quot;arrows&quot;:true,&quot;dots&quot;:true,&quot;autoplay&quot;:false,&quot;autoplaySpeed&quot;:3000,&quot;infinite&quot;:false,&quot;responsive&quot;:[{&quot;breakpoint&quot;:769,&quot;settings&quot;:{&quot;slidesToShow&quot;:1,&quot;slidesToScroll&quot;:1}}]}\">\n<div class=\"wp-block-cb-slide\">\n<figure class=\"wp-block-embed is-type-video is-provider-youtube wp-block-embed-youtube wp-embed-aspect-16-9 wp-has-aspect-ratio\"><div class=\"wp-block-embed__wrapper\">\n<div class=\"nv-iframe-embed\"><iframe loading=\"lazy\" title=\"Vatel Bordeaux - Discover Ch\u00e2teau de Fargues (Sauternes)\" width=\"1200\" height=\"675\" src=\"https:\/\/www.youtube.com\/embed\/BFGTiBDKMxQ?list=PLlv05rwto9XjmrUT32-2jHVC0RIz06sD_\" frameborder=\"0\" allow=\"accelerometer; autoplay; clipboard-write; encrypted-media; gyroscope; picture-in-picture\" allowfullscreen><\/iframe><\/div>\n<\/div><\/figure>\n<\/div>\n\n\n\n<div class=\"wp-block-cb-slide\">\n<figure class=\"wp-block-embed is-type-video is-provider-youtube wp-block-embed-youtube wp-embed-aspect-16-9 wp-has-aspect-ratio\"><div class=\"wp-block-embed__wrapper\">\n<div class=\"nv-iframe-embed\"><iframe loading=\"lazy\" title=\"Vatel Bordeaux - Discover Ch\u00e2teau de Laubade\" width=\"1200\" height=\"675\" src=\"https:\/\/www.youtube.com\/embed\/37-PPv1YzaI?list=PLlv05rwto9XjmrUT32-2jHVC0RIz06sD_\" frameborder=\"0\" allow=\"accelerometer; autoplay; clipboard-write; encrypted-media; gyroscope; picture-in-picture\" allowfullscreen><\/iframe><\/div>\n<\/div><\/figure>\n<\/div>\n\n\n\n<div class=\"wp-block-cb-slide\">\n<figure class=\"wp-block-embed is-type-video is-provider-youtube wp-block-embed-youtube wp-embed-aspect-16-9 wp-has-aspect-ratio\"><div class=\"wp-block-embed__wrapper\">\n<div class=\"nv-iframe-embed\"><iframe loading=\"lazy\" title=\"Vatel Bordeaux - Discover Ch\u00e2teau Lafaurie Peyraguey\" width=\"1200\" height=\"675\" src=\"https:\/\/www.youtube.com\/embed\/OotEOMWQ5cI?list=PLlv05rwto9XjmrUT32-2jHVC0RIz06sD_\" frameborder=\"0\" allow=\"accelerometer; autoplay; clipboard-write; encrypted-media; gyroscope; picture-in-picture\" allowfullscreen><\/iframe><\/div>\n<\/div><\/figure>\n<\/div>\n\n\n\n<div class=\"wp-block-cb-slide\">\n<figure class=\"wp-block-embed is-type-video is-provider-youtube wp-block-embed-youtube wp-embed-aspect-16-9 wp-has-aspect-ratio\"><div class=\"wp-block-embed__wrapper\">\n<div class=\"nv-iframe-embed\"><iframe loading=\"lazy\" title=\"Vatel Bordeaux - Discover Ch\u00e2teau Coutet\" width=\"1200\" height=\"675\" src=\"https:\/\/www.youtube.com\/embed\/Lz-fj1MyJC0?list=PLlv05rwto9XjmrUT32-2jHVC0RIz06sD_\" frameborder=\"0\" allow=\"accelerometer; autoplay; clipboard-write; encrypted-media; gyroscope; picture-in-picture\" allowfullscreen><\/iframe><\/div>\n<\/div><\/figure>\n<\/div>\n<\/div>\n\n\n\n<div style=\"height:50px\" aria-hidden=\"true\" class=\"wp-block-spacer\"><\/div>\n<\/div><\/div>\n\n\n\n<div class=\"wp-block-cover alignfull is-light\" style=\"min-height:600px;aspect-ratio:unset;\"><span aria-hidden=\"true\" class=\"wp-block-cover__background has-background-dim-80 has-background-dim has-background-gradient\" style=\"background:linear-gradient(135deg,rgb(136,22,41) 0%,rgb(206,24,47) 57%)\"><\/span><div class=\"wp-block-cover__inner-container is-layout-flow wp-block-cover-is-layout-flow\">\n<div class=\"wp-block-group\"><div class=\"wp-block-group__inner-container is-layout-flow wp-block-group-is-layout-flow\">\n<div style=\"height:50px\" aria-hidden=\"true\" class=\"wp-block-spacer\"><\/div>\n<\/div><\/div>\n\n\n\n<div class=\"wp-block-buttons is-content-justification-center is-layout-flex wp-container-core-buttons-is-layout-16018d1d wp-block-buttons-is-layout-flex\"><\/div>\n\n\n\n<div class=\"wp-block-columns is-layout-flex wp-container-core-columns-is-layout-9d6595d7 wp-block-columns-is-layout-flex\">\n<div class=\"wp-block-column is-layout-flow wp-block-column-is-layout-flow\">\n<h3 class=\"has-nv-site-bg-color has-text-color wp-block-heading\">Les vins r\u00e9gionaux<\/h3>\n\n\n\n<figure class=\"wp-block-image size-large\"><img loading=\"lazy\" decoding=\"async\" width=\"1024\" height=\"1024\" src=\"https:\/\/biwsa.fr\/wp-content\/uploads\/2022\/03\/DSC00410-1024x1024.jpg\" alt=\"\" class=\"wp-image-488\"\/><\/figure>\n\n\n\n<p class=\"has-text-align-center has-nv-site-bg-color has-text-color\">M\u00e9doc, Graves, Sauterne, Pomerol, Entre-deux-mers&#8230; Partez \u00e0 la d\u00e9couverte du vignoble bordelais et rencontrez les vignerons avec la BIWSA.<\/p>\n<\/div>\n\n\n\n<div class=\"wp-block-column is-layout-flow wp-block-column-is-layout-flow\">\n<h3 class=\"has-nv-site-bg-color has-text-color wp-block-heading\">Les spiritueux<\/h3>\n\n\n\n<figure class=\"wp-block-image size-large\"><img loading=\"lazy\" decoding=\"async\" width=\"1024\" height=\"1024\" src=\"https:\/\/biwsa.fr\/wp-content\/uploads\/2022\/03\/DSC07226-2-1024x1024.jpg\" alt=\"\" class=\"wp-image-489\"\/><\/figure>\n\n\n\n<p class=\"has-text-align-center has-nv-site-bg-color has-text-color\">Amoureux des spiritueux, visitez les vignobles de Cognac ou d\u2019Armagnac avec nous, ou venez d\u00e9couvrir les distilleries de la r\u00e9gion bordelaise. <\/p>\n<\/div>\n\n\n\n<div class=\"wp-block-column is-layout-flow wp-block-column-is-layout-flow\">\n<h3 class=\"has-nv-site-bg-color has-text-color wp-block-heading\">Visites th\u00e9matiques<\/h3>\n\n\n\n<figure class=\"wp-block-image size-large is-resized\"><img loading=\"lazy\" decoding=\"async\" src=\"https:\/\/biwsa.fr\/wp-content\/uploads\/2022\/03\/DSC00434-1024x1024.jpg\" alt=\"\" class=\"wp-image-490\" width=\"367\" height=\"367\"\/><\/figure>\n\n\n\n<p class=\"has-text-align-center has-nv-site-bg-color has-text-color\">Patrimoine architectural, propri\u00e9t\u00e9s familiales, gastronomie\u2026 D\u00e9couvrez la richesse de l\u2019\u0153notourisme en rencontrant les vignerons gr\u00e2ce \u00e0 la BIWSA.<\/p>\n<\/div>\n<\/div>\n\n\n\n<div class=\"wp-block-buttons is-content-justification-center is-layout-flex wp-container-core-buttons-is-layout-16018d1d wp-block-buttons-is-layout-flex\">\n<div class=\"wp-block-button is-style-secondary\"><a class=\"wp-block-button__link\" href=\"https:\/\/biwsa.fr\/index.php\/contact\/\">Contactez-nous<\/a><\/div>\n<\/div>\n\n\n\n<div style=\"height:50px\" aria-hidden=\"true\" class=\"wp-block-spacer\"><\/div>\n<\/div><\/div>\n\n\n\n<div class=\"wp-block-cover alignfull\" style=\"min-height:600px;aspect-ratio:unset;\"><span aria-hidden=\"true\" class=\"wp-block-cover__background has-nv-light-bg-background-color has-background-dim-100 has-background-dim\"><\/span><div class=\"wp-block-cover__inner-container is-layout-flow wp-block-cover-is-layout-flow\">\n<div class=\"wp-block-group\"><div class=\"wp-block-group__inner-container is-layout-flow wp-block-group-is-layout-flow\">\n<div style=\"height:100px\" aria-hidden=\"true\" class=\"wp-block-spacer\"><\/div>\n\n\n\n<h2 class=\"has-nv-dark-bg-color has-text-color wp-block-heading\">Les avis de nos clients<\/h2>\n\n\n\n<div class=\"wp-block-columns is-layout-flex wp-container-core-columns-is-layout-9d6595d7 wp-block-columns-is-layout-flex\">\n<div class=\"wp-block-column is-layout-flow wp-block-column-is-layout-flow\"><div class=\"wp-block-image is-style-rounded\">\n<figure class=\"aligncenter size-full\"><img loading=\"lazy\" decoding=\"async\" width=\"615\" height=\"615\" src=\"https:\/\/biwsa.fr\/wp-content\/uploads\/2022\/03\/client-1.png\" alt=\"\" class=\"wp-image-351\"\/><\/figure>\n<\/div>\n\n\n<h3 class=\"has-text-align-center has-neve-text-color-color has-text-color wp-block-heading\">Ines Durubay<\/h3>\n\n\n\n<p class=\"has-text-align-center has-nv-dark-bg-color has-text-color\"><em>\u00ab\u00a0J&rsquo;ai particip\u00e9 \u00e0 plusieurs visites de domaines gr\u00e2ce \u00e0 la BIWSA et \u00e7a a toujours \u00e9t\u00e9 une agr\u00e9able exp\u00e9rience.\u00a0\u00bb<\/em><\/p>\n\n\n\n<div style=\"height:40px\" aria-hidden=\"true\" class=\"wp-block-spacer\"><\/div>\n<\/div>\n\n\n\n<div class=\"wp-block-column is-layout-flow wp-block-column-is-layout-flow\"><div class=\"wp-block-image is-style-rounded\">\n<figure class=\"aligncenter size-full\"><img loading=\"lazy\" decoding=\"async\" width=\"615\" height=\"615\" src=\"https:\/\/biwsa.fr\/wp-content\/uploads\/2022\/03\/alice-tem.png\" alt=\"\" class=\"wp-image-352\"\/><\/figure>\n<\/div>\n\n\n<h3 class=\"has-text-align-center has-neve-text-color-color has-text-color wp-block-heading\">Alice Juranville<\/h3>\n\n\n\n<p class=\"has-text-align-center has-nv-dark-bg-color has-text-color\"><em><em>\u00ab\u00a0Les visites et ateliers de la BIWSA ont toujours \u00e9t\u00e9 un plaisir. Un grand merci pour les d\u00e9couvertes !\u00a0\u00bb<\/em><\/em><\/p>\n\n\n\n<div style=\"height:40px\" aria-hidden=\"true\" class=\"wp-block-spacer\"><\/div>\n<\/div>\n\n\n\n<div class=\"wp-block-column is-layout-flow wp-block-column-is-layout-flow\"><div class=\"wp-block-image is-style-rounded\">\n<figure class=\"aligncenter size-full\"><img loading=\"lazy\" decoding=\"async\" width=\"615\" height=\"615\" src=\"https:\/\/biwsa.fr\/wp-content\/uploads\/2022\/03\/client-2.png\" alt=\"\" class=\"wp-image-354\"\/><\/figure>\n<\/div>\n\n\n<h3 class=\"has-text-align-center has-neve-text-color-color has-text-color wp-block-heading\">Nathan Drevard<\/h3>\n\n\n\n<p class=\"has-text-align-center has-nv-dark-bg-color has-text-color\"><em>\u00ab\u00a0Passionn\u00e9 des vins et spiritueux, les visites de la BIWSA m&rsquo;ont permis de d\u00e9couvrir de nouvelles choses toujours aussi int\u00e9ressantes !\u00a0\u00bb<\/em><\/p>\n\n\n\n<div style=\"height:40px\" aria-hidden=\"true\" class=\"wp-block-spacer\"><\/div>\n<\/div>\n<\/div>\n\n\n\n<div style=\"height:10px\" aria-hidden=\"true\" class=\"wp-block-spacer\"><\/div>\n<\/div><\/div>\n<\/div><\/div>\n","protected":false},"excerpt":{"rendered":"","protected":false},"author":1,"featured_media":0,"parent":0,"menu_order":0,"comment_status":"closed","ping_status":"closed","template":"","meta":{"om_disable_all_campaigns":false,"_monsterinsights_skip_tracking":false,"_monsterinsights_sitenote_active":false,"_monsterinsights_sitenote_note":"","_monsterinsights_sitenote_category":0,"neve_meta_sidebar":"","neve_meta_container":"","neve_meta_enable_content_width":"on","neve_meta_content_width":100,"neve_meta_title_alignment":"","neve_meta_author_avatar":"","neve_post_elements_order":"","neve_meta_disable_header":"","neve_meta_disable_footer":"","neve_meta_disable_title":"on","neve_meta_reading_time":"","footnotes":""},"class_list":["post-344","page","type-page","status-publish","hentry"],"rttpg_featured_image_url":null,"rttpg_author":{"display_name":"admin8106","author_link":"https:\/\/biwsa.fr\/index.php\/author\/admin8106\/"},"rttpg_comment":0,"rttpg_category":null,"rttpg_excerpt":null,"_links":{"self":[{"href":"https:\/\/biwsa.fr\/index.php\/wp-json\/wp\/v2\/pages\/344","targetHints":{"allow":["GET"]}}],"collection":[{"href":"https:\/\/biwsa.fr\/index.php\/wp-json\/wp\/v2\/pages"}],"about":[{"href":"https:\/\/biwsa.fr\/index.php\/wp-json\/wp\/v2\/types\/page"}],"author":[{"embeddable":true,"href":"https:\/\/biwsa.fr\/index.php\/wp-json\/wp\/v2\/users\/1"}],"replies":[{"embeddable":true,"href":"https:\/\/biwsa.fr\/index.php\/wp-json\/wp\/v2\/comments?post=344"}],"version-history":[{"count":28,"href":"https:\/\/biwsa.fr\/index.php\/wp-json\/wp\/v2\/pages\/344\/revisions"}],"predecessor-version":[{"id":1153,"href":"https:\/\/biwsa.fr\/index.php\/wp-json\/wp\/v2\/pages\/344\/revisions\/1153"}],"wp:attachment":[{"href":"https:\/\/biwsa.fr\/index.php\/wp-json\/wp\/v2\/media?parent=344"}],"curies":[{"name":"wp","href":"https:\/\/api.w.org\/{rel}","templated":true}]}}