{"id":392,"date":"2022-03-14T14:35:42","date_gmt":"2022-03-14T13:35:42","guid":{"rendered":"http:\/\/biwsa.fr\/?page_id=392"},"modified":"2022-06-16T13:21:53","modified_gmt":"2022-06-16T11:21:53","slug":"voyage-viticole","status":"publish","type":"page","link":"https:\/\/biwsa.fr\/index.php\/voyage-viticole\/","title":{"rendered":"Voyage viticole"},"content":{"rendered":"\n<div class=\"wp-block-cover alignfull\" style=\"min-height:300px;aspect-ratio:unset;\"><span aria-hidden=\"true\" class=\"wp-block-cover__background has-nv-site-bg-background-color has-background-dim-100 has-background-dim\"><\/span><div class=\"wp-block-cover__inner-container is-layout-flow wp-block-cover-is-layout-flow\">\n<div class=\"wp-block-group\"><div class=\"wp-block-group__inner-container is-layout-flow wp-block-group-is-layout-flow\">\n<h1 class=\"has-text-align-left has-neve-text-color-color has-text-color wp-block-heading\">Voyage viticole<\/h1>\n<\/div><\/div>\n<\/div><\/div>\n\n\n\n<div class=\"wp-block-cover alignfull\" style=\"min-height:600px;aspect-ratio:unset;\"><span aria-hidden=\"true\" class=\"wp-block-cover__background has-nv-light-bg-background-color has-background-dim-100 has-background-dim\"><\/span><div class=\"wp-block-cover__inner-container is-layout-flow wp-block-cover-is-layout-flow\">\n<div class=\"wp-block-group\"><div class=\"wp-block-group__inner-container is-layout-flow wp-block-group-is-layout-flow\">\n<div style=\"height:80px\" aria-hidden=\"true\" class=\"wp-block-spacer\"><\/div>\n\n\n\n<div class=\"wp-block-columns are-vertically-aligned-center is-layout-flex wp-container-core-columns-is-layout-9d6595d7 wp-block-columns-is-layout-flex\">\n<div class=\"wp-block-column is-vertically-aligned-center is-layout-flow wp-block-column-is-layout-flow\" style=\"flex-basis:50%\">\n<figure class=\"wp-block-image size-large\"><img loading=\"lazy\" decoding=\"async\" width=\"1024\" height=\"1024\" src=\"https:\/\/biwsa.fr\/wp-content\/uploads\/2022\/03\/DSC09359-2-1024x1024.jpg\" alt=\"\" class=\"wp-image-519\"\/><\/figure>\n<\/div>\n\n\n\n<div class=\"wp-block-column is-vertically-aligned-center is-layout-flow wp-block-column-is-layout-flow\" style=\"flex-basis:50%\">\n<h2 class=\"has-neve-text-color-color has-text-color wp-block-heading\">Voyagez avec la BIWSA<\/h2>\n\n\n\n<p class=\"has-neve-text-color-color has-text-color\">Partons ensemble \u00e0 la d\u00e9couverte du patrimoine \u0153nologique fran\u00e7ais et international. La BIWSA vous embarque dans sa valise pour vous en mettre plein les mirettes et plein les papilles, \u00e9videmment&nbsp;\u2026 R\u00eavons ensemble au Liban, \u00e0 l\u2019Italie, \u00e0 l\u2019Espagne\u2026 C\u2019est parti&nbsp;!<\/p>\n<\/div>\n<\/div>\n\n\n\n<div style=\"height:40px\" aria-hidden=\"true\" class=\"wp-block-spacer\"><\/div>\n<\/div><\/div>\n<\/div><\/div>\n\n\n\n<div class=\"wp-block-cover alignfull is-light\" style=\"min-height:600px;aspect-ratio:unset;\"><span aria-hidden=\"true\" class=\"wp-block-cover__background has-background-dim-80 has-background-dim has-background-gradient\" style=\"background:linear-gradient(135deg,rgb(136,22,41) 0%,rgb(206,24,47) 57%)\"><\/span><div class=\"wp-block-cover__inner-container is-layout-flow wp-block-cover-is-layout-flow\">\n<div class=\"wp-block-group\"><div class=\"wp-block-group__inner-container is-layout-flow wp-block-group-is-layout-flow\">\n<div style=\"height:50px\" aria-hidden=\"true\" class=\"wp-block-spacer\"><\/div>\n<\/div><\/div>\n\n\n\n<div class=\"wp-block-columns is-layout-flex wp-container-core-columns-is-layout-9d6595d7 wp-block-columns-is-layout-flex\">\n<div class=\"wp-block-column is-layout-flow wp-block-column-is-layout-flow\">\n<h3 class=\"has-nv-site-bg-color has-text-color wp-block-heading\">R\u00e9gion bordelaise<\/h3>\n\n\n\n<figure class=\"wp-block-image size-large\"><img loading=\"lazy\" decoding=\"async\" width=\"1024\" height=\"1024\" src=\"https:\/\/biwsa.fr\/wp-content\/uploads\/2022\/06\/DSC08446-1024x1024.jpg\" alt=\"\" class=\"wp-image-1051\"\/><\/figure>\n\n\n\n<p class=\"has-text-align-center has-nv-site-bg-color has-text-color\">Margaux, Saint-Esth\u00e8phe, Pessac L\u00e9ognan, Pauillac&#8230;  explorez ou r\u00e9explorez le riche terroir bordelais avec la BIWSA et rencontrez les vignerons.<\/p>\n<\/div>\n\n\n\n<div class=\"wp-block-column is-layout-flow wp-block-column-is-layout-flow\">\n<h3 class=\"has-nv-site-bg-color has-text-color wp-block-heading\">R\u00e9gions fran\u00e7aises<\/h3>\n\n\n\n<figure class=\"wp-block-image size-large\"><img loading=\"lazy\" decoding=\"async\" width=\"1024\" height=\"1024\" src=\"https:\/\/biwsa.fr\/wp-content\/uploads\/2022\/03\/DSC08299-2-1024x1024.jpg\" alt=\"\" class=\"wp-image-511\"\/><\/figure>\n\n\n\n<p class=\"has-text-align-center has-nv-site-bg-color has-text-color\">Beaujolais, Champagne, Vall\u00e9e de la Loire, Savoie \u2026 le choix ne manque pas quand il s\u2019agit de parcourir la France \u00e0 la d\u00e9couverte de nos r\u00e9gions viticoles.<\/p>\n<\/div>\n\n\n\n<div class=\"wp-block-column is-layout-flow wp-block-column-is-layout-flow\">\n<h3 class=\"has-text-align-left has-nv-site-bg-color has-text-color wp-block-heading\">Hors fronti\u00e8res<\/h3>\n\n\n\n<figure class=\"wp-block-image size-large\"><img loading=\"lazy\" decoding=\"async\" width=\"1024\" height=\"1024\" src=\"https:\/\/biwsa.fr\/wp-content\/uploads\/2022\/03\/DSC08445-1024x1024.jpg\" alt=\"\" class=\"wp-image-512\"\/><\/figure>\n\n\n\n<p class=\"has-text-align-center has-nv-site-bg-color has-text-color\">Faisons nos valises direction le Liban, l\u2019Espagne, et pourquoi pas la Californie ou la Nouvelle-Z\u00e9lande&nbsp;! Explorez de nouveaux horizons avec la BIWSA.<\/p>\n<\/div>\n<\/div>\n\n\n\n<div class=\"wp-block-buttons is-content-justification-center is-layout-flex wp-container-core-buttons-is-layout-16018d1d wp-block-buttons-is-layout-flex\">\n<div class=\"wp-block-button is-style-secondary\"><a class=\"wp-block-button__link\" href=\"https:\/\/biwsa.fr\/index.php\/contact\/\">Contactez-nous<\/a><\/div>\n<\/div>\n\n\n\n<div style=\"height:50px\" aria-hidden=\"true\" class=\"wp-block-spacer\"><\/div>\n<\/div><\/div>\n","protected":false},"excerpt":{"rendered":"","protected":false},"author":1,"featured_media":0,"parent":0,"menu_order":0,"comment_status":"closed","ping_status":"closed","template":"","meta":{"om_disable_all_campaigns":false,"_monsterinsights_skip_tracking":false,"_monsterinsights_sitenote_active":false,"_monsterinsights_sitenote_note":"","_monsterinsights_sitenote_category":0,"neve_meta_sidebar":"","neve_meta_container":"","neve_meta_enable_content_width":"on","neve_meta_content_width":100,"neve_meta_title_alignment":"","neve_meta_author_avatar":"","neve_post_elements_order":"","neve_meta_disable_header":"","neve_meta_disable_footer":"","neve_meta_disable_title":"on","neve_meta_reading_time":"","footnotes":""},"class_list":["post-392","page","type-page","status-publish","hentry"],"rttpg_featured_image_url":null,"rttpg_author":{"display_name":"admin8106","author_link":"https:\/\/biwsa.fr\/index.php\/author\/admin8106\/"},"rttpg_comment":0,"rttpg_category":null,"rttpg_excerpt":null,"_links":{"self":[{"href":"https:\/\/biwsa.fr\/index.php\/wp-json\/wp\/v2\/pages\/392","targetHints":{"allow":["GET"]}}],"collection":[{"href":"https:\/\/biwsa.fr\/index.php\/wp-json\/wp\/v2\/pages"}],"about":[{"href":"https:\/\/biwsa.fr\/index.php\/wp-json\/wp\/v2\/types\/page"}],"author":[{"embeddable":true,"href":"https:\/\/biwsa.fr\/index.php\/wp-json\/wp\/v2\/users\/1"}],"replies":[{"embeddable":true,"href":"https:\/\/biwsa.fr\/index.php\/wp-json\/wp\/v2\/comments?post=392"}],"version-history":[{"count":12,"href":"https:\/\/biwsa.fr\/index.php\/wp-json\/wp\/v2\/pages\/392\/revisions"}],"predecessor-version":[{"id":1155,"href":"https:\/\/biwsa.fr\/index.php\/wp-json\/wp\/v2\/pages\/392\/revisions\/1155"}],"wp:attachment":[{"href":"https:\/\/biwsa.fr\/index.php\/wp-json\/wp\/v2\/media?parent=392"}],"curies":[{"name":"wp","href":"https:\/\/api.w.org\/{rel}","templated":true}]}}