{"id":394,"date":"2022-03-14T14:36:04","date_gmt":"2022-03-14T13:36:04","guid":{"rendered":"http:\/\/biwsa.fr\/?page_id=394"},"modified":"2022-06-16T13:22:54","modified_gmt":"2022-06-16T11:22:54","slug":"evenements","status":"publish","type":"page","link":"https:\/\/biwsa.fr\/index.php\/evenements\/","title":{"rendered":"Ev\u00e8nements"},"content":{"rendered":"\n<div class=\"wp-block-cover alignfull\" style=\"min-height:300px;aspect-ratio:unset;\"><span aria-hidden=\"true\" class=\"wp-block-cover__background has-nv-site-bg-background-color has-background-dim-100 has-background-dim\"><\/span><div class=\"wp-block-cover__inner-container is-layout-flow wp-block-cover-is-layout-flow\">\n<div class=\"wp-block-group\"><div class=\"wp-block-group__inner-container is-layout-flow wp-block-group-is-layout-flow\">\n<h1 class=\"has-text-align-left has-neve-text-color-color has-text-color wp-block-heading\">Ev\u00e8nements<\/h1>\n<\/div><\/div>\n<\/div><\/div>\n\n\n\n<div class=\"wp-block-cover alignfull\" style=\"min-height:600px;aspect-ratio:unset;\"><span aria-hidden=\"true\" class=\"wp-block-cover__background has-nv-light-bg-background-color has-background-dim-100 has-background-dim\"><\/span><div class=\"wp-block-cover__inner-container is-layout-flow wp-block-cover-is-layout-flow\">\n<div class=\"wp-block-group\"><div class=\"wp-block-group__inner-container is-layout-flow wp-block-group-is-layout-flow\">\n<div style=\"height:80px\" aria-hidden=\"true\" class=\"wp-block-spacer\"><\/div>\n\n\n\n<div class=\"wp-block-columns are-vertically-aligned-center is-layout-flex wp-container-core-columns-is-layout-9d6595d7 wp-block-columns-is-layout-flex\">\n<div class=\"wp-block-column is-vertically-aligned-center is-layout-flow wp-block-column-is-layout-flow\" style=\"flex-basis:50%\">\n<figure class=\"wp-block-image size-large\"><img loading=\"lazy\" decoding=\"async\" width=\"1024\" height=\"1024\" src=\"https:\/\/biwsa.fr\/wp-content\/uploads\/2022\/03\/DSC08338-1024x1024.jpg\" alt=\"\" class=\"wp-image-528\"\/><\/figure>\n<\/div>\n\n\n\n<div class=\"wp-block-column is-vertically-aligned-center is-layout-flow wp-block-column-is-layout-flow\" style=\"flex-basis:50%\">\n<h2 class=\"has-neve-text-color-color has-text-color wp-block-heading\">Les \u00e9v\u00e8nements de la BIWSA<\/h2>\n\n\n\n<p class=\"has-neve-text-color-color has-text-color\">Ambiance festive et conviviale garantie avec la BIWSA&nbsp;! Au menu team buildings, foire aux vins, diners d\u00e9gustations, afterworks, EVJF et EVG\u2026 Particuliers comme professionnels, venez nous parler de votre projet et laissez-nous vous concocter un programme sur-mesure.<\/p>\n<\/div>\n<\/div>\n\n\n\n<div style=\"height:40px\" aria-hidden=\"true\" class=\"wp-block-spacer\"><\/div>\n<\/div><\/div>\n<\/div><\/div>\n\n\n\n<div class=\"wp-block-cover alignfull is-light\" style=\"min-height:600px;aspect-ratio:unset;\"><span aria-hidden=\"true\" class=\"wp-block-cover__background has-background-dim-80 has-background-dim has-background-gradient\" style=\"background:linear-gradient(135deg,rgb(136,22,41) 0%,rgb(206,24,47) 57%)\"><\/span><div class=\"wp-block-cover__inner-container is-layout-flow wp-block-cover-is-layout-flow\">\n<div class=\"wp-block-group\"><div class=\"wp-block-group__inner-container is-layout-flow wp-block-group-is-layout-flow\">\n<div style=\"height:50px\" aria-hidden=\"true\" class=\"wp-block-spacer\"><\/div>\n<\/div><\/div>\n\n\n\n<div class=\"wp-block-columns is-layout-flex wp-container-core-columns-is-layout-9d6595d7 wp-block-columns-is-layout-flex\">\n<div class=\"wp-block-column is-layout-flow wp-block-column-is-layout-flow\">\n<h3 class=\"has-nv-site-bg-color has-text-color wp-block-heading\">Diner d\u00e9gustation<\/h3>\n\n\n\n<figure class=\"wp-block-image size-large\"><img loading=\"lazy\" decoding=\"async\" width=\"1024\" height=\"1024\" src=\"https:\/\/biwsa.fr\/wp-content\/uploads\/2022\/03\/DSC00199-1024x1024.jpg\" alt=\"\" class=\"wp-image-522\"\/><\/figure>\n\n\n\n<p class=\"has-text-align-center has-nv-site-bg-color has-text-color\">Nous organisons r\u00e9guli\u00e8rement des diners th\u00e9matiques, autour du canard, autour de la bi\u00e8re etc\u2026 Asseyez-vous \u00e0 notre table et profitons ensemble, laissez-vous s\u00e9duire par nos diners&nbsp;!<\/p>\n<\/div>\n\n\n\n<div class=\"wp-block-column is-layout-flow wp-block-column-is-layout-flow\">\n<h3 class=\"has-nv-site-bg-color has-text-color wp-block-heading\">Foire aux vins<\/h3>\n\n\n\n<figure class=\"wp-block-image size-large\"><img loading=\"lazy\" decoding=\"async\" width=\"1024\" height=\"1024\" src=\"https:\/\/biwsa.fr\/wp-content\/uploads\/2022\/02\/272919235_942336133085963_8973451853873745097_n-1024x1024.jpg\" alt=\"\" class=\"wp-image-233\"\/><\/figure>\n\n\n\n<p class=\"has-text-align-center has-nv-site-bg-color has-text-color\">La BIWSA organise sa propre Foire aux Vins. Venez d\u00e9couvrir les vins et les produits que nous avons s\u00e9lectionn\u00e9s rien que pour vous et rencontrer les professionnels du secteur.<\/p>\n<\/div>\n\n\n\n<div class=\"wp-block-column is-layout-flow wp-block-column-is-layout-flow\">\n<h3 class=\"wp-block-heading\"><span style=\"color:var(--nv-site-bg)\" class=\"tadv-color\">Team Building<\/span><\/h3>\n\n\n\n<figure class=\"wp-block-image size-large\"><img loading=\"lazy\" decoding=\"async\" width=\"1024\" height=\"1024\" src=\"https:\/\/biwsa.fr\/wp-content\/uploads\/2022\/03\/DSC08080-1024x1024.jpg\" alt=\"\" class=\"wp-image-524\"\/><\/figure>\n\n\n\n<p class=\"has-text-align-center has-nv-site-bg-color has-text-color\">Envie de partager un bon moment entre coll\u00e8gues autour du vin et de la gastronomie&nbsp;? N\u2019h\u00e9sitez pas \u00e0 nous contacter pour organiser vos Team Building avec la BIWSA.<\/p>\n<\/div>\n<\/div>\n\n\n\n<div class=\"wp-block-buttons is-content-justification-center is-layout-flex wp-container-core-buttons-is-layout-16018d1d wp-block-buttons-is-layout-flex\">\n<div class=\"wp-block-button is-style-secondary\"><a class=\"wp-block-button__link\" href=\"https:\/\/biwsa.fr\/index.php\/contact\/\">Contactez-nous<\/a><\/div>\n<\/div>\n\n\n\n<div style=\"height:50px\" aria-hidden=\"true\" class=\"wp-block-spacer\"><\/div>\n<\/div><\/div>\n","protected":false},"excerpt":{"rendered":"","protected":false},"author":1,"featured_media":0,"parent":0,"menu_order":0,"comment_status":"closed","ping_status":"closed","template":"","meta":{"om_disable_all_campaigns":false,"_monsterinsights_skip_tracking":false,"_monsterinsights_sitenote_active":false,"_monsterinsights_sitenote_note":"","_monsterinsights_sitenote_category":0,"neve_meta_sidebar":"","neve_meta_container":"","neve_meta_enable_content_width":"on","neve_meta_content_width":100,"neve_meta_title_alignment":"","neve_meta_author_avatar":"","neve_post_elements_order":"","neve_meta_disable_header":"","neve_meta_disable_footer":"","neve_meta_disable_title":"on","neve_meta_reading_time":"","footnotes":""},"class_list":["post-394","page","type-page","status-publish","hentry"],"rttpg_featured_image_url":null,"rttpg_author":{"display_name":"admin8106","author_link":"https:\/\/biwsa.fr\/index.php\/author\/admin8106\/"},"rttpg_comment":0,"rttpg_category":null,"rttpg_excerpt":null,"_links":{"self":[{"href":"https:\/\/biwsa.fr\/index.php\/wp-json\/wp\/v2\/pages\/394","targetHints":{"allow":["GET"]}}],"collection":[{"href":"https:\/\/biwsa.fr\/index.php\/wp-json\/wp\/v2\/pages"}],"about":[{"href":"https:\/\/biwsa.fr\/index.php\/wp-json\/wp\/v2\/types\/page"}],"author":[{"embeddable":true,"href":"https:\/\/biwsa.fr\/index.php\/wp-json\/wp\/v2\/users\/1"}],"replies":[{"embeddable":true,"href":"https:\/\/biwsa.fr\/index.php\/wp-json\/wp\/v2\/comments?post=394"}],"version-history":[{"count":12,"href":"https:\/\/biwsa.fr\/index.php\/wp-json\/wp\/v2\/pages\/394\/revisions"}],"predecessor-version":[{"id":1156,"href":"https:\/\/biwsa.fr\/index.php\/wp-json\/wp\/v2\/pages\/394\/revisions\/1156"}],"wp:attachment":[{"href":"https:\/\/biwsa.fr\/index.php\/wp-json\/wp\/v2\/media?parent=394"}],"curies":[{"name":"wp","href":"https:\/\/api.w.org\/{rel}","templated":true}]}}